{"id":62,"date":"2023-02-02T18:58:47","date_gmt":"2023-02-02T17:58:47","guid":{"rendered":"https:\/\/www.ak-architekturkultur.com\/impressum"},"modified":"2024-06-10T11:48:51","modified_gmt":"2024-06-10T09:48:51","slug":"mentions-legales","status":"publish","type":"page","link":"https:\/\/www.ak-architekturkultur.com\/fr\/mentions-legales","title":{"rendered":"mentions l\u00e9gales"},"content":{"rendered":"\n<div class=\"ghostkit-grid ghostkit-grid-gap-md ghostkit-custom-ZAfPIy\"><div class=\"ghostkit-grid-inner\">\n<div class=\"ghostkit-col ghostkit-col-12\"><div class=\"ghostkit-col-content\">\n<h2 class=\"wp-block-heading\" id=\"mentions-legales\">mentions l\u00e9gales<\/h2>\n<\/div><\/div>\n<\/div><\/div>\n\n\n\n<div class=\"ghostkit-grid ghostkit-grid-gap-lg\"><div class=\"ghostkit-grid-inner\">\n<div class=\"ghostkit-col ghostkit-col-md-12 ghostkit-col-6\"><div class=\"ghostkit-col-content\">\n<p>Die Webseite wird von DomainFactory gehostet: domainfactory GmbH, c\/o WeWork, Neuturmstr. 5, 80331 Mu\u0308nchen. ak-architekturkultur.com ist Eigentum<em> <\/em>der Firma a*k architektur*kultur GbR, Fl\u00fcggenstrasse 7, 80639 M\u00fcnchen.<\/p>\n\n\n\n<p>Leiterinnen der Ver\u00f6ffentlichung: Astrid Maria Rappel und Karine Leroy-Masson<\/p>\n\n\n\n<p>Die Website von a*k architekturkultur, hier a*k genannt.<\/p>\n\n\n\n<p>Die auf der Website von a*k bereitgestellten Informationen sollen lediglich einen allgemeinen \u00dcberblick \u00fcber Dienstleistungen<em> <\/em>a*k architektur*kultur geben, ohne den Anspruch auf Vollst\u00e4ndigkeit zu erheben. Bevor Sie sich auf die auf dieser Website bereitgestellten Informationen verlassen, sollten Sie diese mit ak abkl\u00e4ren und\/oder erg\u00e4nzen. a*k kann in keiner Weise f\u00fcr direkte oder indirekte Folgen von Verlusten, Verz\u00f6gerungen oder der Unm\u00f6glichkeit der Nutzung dieser Website verantwortlich gemacht werden. a*k bietet auf seiner Website Links zu anderen Websites an. <br>a*k hat keine Kontrolle \u00fcber andere Websites als die eigenen und \u00fcbernimmt keine Verantwortung f\u00fcr diese Websites oder deren Inhalt. a*k garantiert nicht, dass die Website frei von typografischen Fehlern, Ungenauigkeiten oder technischen Ungenauigkeiten ist. a*k \u00fcbernimmt keine Garantie f\u00fcr die Richtigkeit der ver\u00f6ffentlichten Informationen. Es liegt in Ihrer Verantwortung, sich bei a*k zu erkundigen, bevor Sie Entscheidungen bez\u00fcglich der auf dieser Website beschriebenen Dienstleistungen oder sonstigen Informationen treffen.<\/p>\n\n\n\n<p>Datenschutz f\u00fcr pers\u00f6nliche Daten<\/p>\n\n\n\n<p>Der Schutz Ihrer pers\u00f6nlichen Daten ist uns wichtig. Wir verarbeiten Ihre Daten ausschlie\u00dflich im Rahmen der gesetzlichen Bestimmungen (DSGVO, DSG 2000, TKG 2003). Nachfolgend informieren wir Sie \u00fcber die wichtigsten Aspekte der Datenverarbeitung im Rahmen unserer Website.<\/p>\n\n\n\n<p>a*k kann als Verantwortliche f\u00fcr die Datenverarbeitung im Sinne des gem\u00e4\u00df DSGVO \u00fcber Informatik, Dateien und Freiheiten in seiner ge\u00e4nderten Fassung personenbezogene Daten von Besuchern seiner Website sammeln und verarbeiten. Dieses Gesetz wird im weiteren Verlauf dieses rechtlichen Hinweises als \u00bbDatenschutzgesetz\u00ab bezeichnet.<\/p>\n\n\n\n<p>Unter personenbezogenen Daten verstehen wir im Sinne des Datenschutzgesetzes alle Informationen, die sich auf eine nat\u00fcrliche Person beziehen, die identifiziert ist oder die direkt oder indirekt durch Bezugnahme auf eine Identifikationsnummer oder ein oder mehrere spezifische Elemente dieser Person identifiziert werden kann.<\/p>\n\n\n\n<p>a*k setzt sich f\u00fcr die Achtung und den Schutz der Privatsph\u00e4re ein. Es verpflichtet sich, angemessene Ma\u00dfnahmen zu definieren und anzuwenden, um die Sicherheit Ihrer pers\u00f6nlichen Daten zu gew\u00e4hrleisten.<\/p>\n\n\n\n<p>Verwendung der Daten<\/p>\n\n\n\n<p>Die \u00fcber die Website von a*k erhobenen personenbezogenen Daten werden zum Zweck der Erbringung der Dienstleistungen von ak erhoben, insbesondere zur Beantwortung Ihrer Anfragen, die Sie \u00fcber die Formulare oder die auf der Website von ak verf\u00fcgbaren Kontakt-m\u00f6glichkeiten gestellt haben, zu kommerziellen Zwecken, wenn Sie uns dazu erm\u00e4chtigt haben, zur Personalisierung Ihrer Interaktion mit unseren Websites, zur Erleichterung Ihrer Navigation und zur Erstellung von Statistiken \u00fcber die Nutzung der Website von a*k, zur Bewerbung um eine Stelle bei a*k, zur Entwicklung einer Partnerschaft.<\/p>\n\n\n\n<p>Empf\u00e4nger der Daten<\/p>\n\n\n\n<p>Die auf der Website von a*k gesammelten Daten sind ausschlie\u00dflich der Nutzung durch ak vorbehalten und werden nicht an Dritte weitergegeben.<\/p>\n\n\n\n<p>Sicherheit der Daten<\/p>\n\n\n\n<p>a*k verpflichtet sich, alle notwendigen Vorkehrungen zu treffen, um die Sicherheit und Vertraulichkeit der gesammelten Daten durch die Anwendung geeigneter technischer und organisatorischer Ma\u00dfnahmen zu wahren.<\/p>\n\n\n\n<p>Cookies<\/p>\n\n\n\n<p>Um die Qualit\u00e4t der Ihnen angebotenen Dienstleistungen zu optimieren und zu verbessern und um sie Ihren Erwartungen anzupassen, kann a*k \u00bbCookies\u00ab verwenden. Indem Sie auf die Website von ak zugreifen und Ihre Navigation fortsetzen, erkl\u00e4ren Sie sich mit der Einf\u00fchrung und Verwendung von Cookies auf Ihrem Endger\u00e4t einverstanden und best\u00e4tigen, dass Sie die Informationen gelesen haben, die Ihnen \u00fcber die Verwendung dieser Cookies und die Mittel, die Ihnen zur Verf\u00fcgung stehen, um sie abzulehnen, zur Verf\u00fcgung gestellt werden.<\/p>\n\n\n\n<p>Aufbewahrung von Daten<\/p>\n\n\n\n<p>Sofern keine besonderen Vorschriften gelten, bewahrt a*k die gesammelten personenbezogenen Daten f\u00fcr den Zeitraum auf, der durch den Zweck ihrer Verarbeitung gerechtfertigt ist. Ihre Rechte gem\u00e4\u00df dem Datenschutzgesetz:<\/p>\n\n\n\n<p>Gem\u00e4\u00df den geltenden Vorschriften muss Ihr Antrag zum Nachweis Ihrer Identit\u00e4t unterschrieben und von einer Fotokopie eines g\u00fcltigen Ausweises begleitet sein, der Ihre Unterschrift tr\u00e4gt und die Adresse angibt, an die die Antwort geschickt werden soll.<\/p>\n\n\n\n<p>Rechte an geistigem Eigentum<\/p>\n\n\n\n<p>ak-architekturkultur.com, die Website von a*k<em> <\/em>und ihre Inhalte (die eigenen oder die ihrer Partnerinnen) sind durch das Markenrecht und\/oder das Urheberrecht und andere Rechte gesch\u00fctzt. Alle diese Elemente bleiben das ausschlie\u00dfliche Eigentum von a*k oder seinen Partner:innen. In Anwendung der Bestimmungen des Gesetzes \u00fcber geistiges Eigentum, der Rechts- und Verwaltungsvorschriften aller L\u00e4nder und der internationalen Konventionen ist jede Darstellung und\/oder Vervielf\u00e4ltigung oder Nutzung, Verwertung, ganz oder teilweise,<br>eines der oben genannten Elemente ohne die vorherige schriftliche Zustimmung von a*k oder seinen Partner:innen verboten.<\/p>\n<\/div><\/div>\n\n\n\n<div class=\"ghostkit-col ghostkit-col-md-12 ghostkit-col-6\"><div class=\"ghostkit-col-content\">\n<h3 class=\"wp-block-heading\" id=\"webdesign\">Webdesign<\/h3>\n\n\n\n<p class=\"has-medium-font-size\">S\u00e4genvier DesignKommunikation:<br>Sigi Ramoser und Elias Riedmann, Dornbirn AUT<\/p>\n\n\n\n<h3 class=\"wp-block-heading\" id=\"illustration\">Illustration<\/h3>\n\n\n\n<p class=\"has-medium-font-size\">Nikolay Uzunov, Sofia BGR<\/p>\n\n\n\n<h3 class=\"wp-block-heading\" id=\"fotos\">Fotos<\/h3>\n\n\n\n<p class=\"has-medium-font-size\">Roberta Valerio, Paris FRA<\/p>\n\n\n\n<h3 class=\"wp-block-heading\" id=\"code\">Code<\/h3>\n\n\n\n<p class=\"has-medium-font-size\">Ewald Natter \u2013 Freelenz, Dornbirn AUT<\/p>\n<\/div><\/div>\n<\/div><\/div>\n","protected":false},"excerpt":{"rendered":"","protected":false},"author":1,"featured_media":0,"parent":0,"menu_order":1,"comment_status":"closed","ping_status":"closed","template":"templates\/dark.php","meta":{"inline_featured_image":false,"ghostkit_customizer_options":"","ghostkit_custom_css":"","ghostkit_custom_js_head":"","ghostkit_custom_js_foot":"","ghostkit_typography":""},"acf":[],"_links":{"self":[{"href":"https:\/\/www.ak-architekturkultur.com\/fr\/wp-json\/wp\/v2\/pages\/62"}],"collection":[{"href":"https:\/\/www.ak-architekturkultur.com\/fr\/wp-json\/wp\/v2\/pages"}],"about":[{"href":"https:\/\/www.ak-architekturkultur.com\/fr\/wp-json\/wp\/v2\/types\/page"}],"author":[{"embeddable":true,"href":"https:\/\/www.ak-architekturkultur.com\/fr\/wp-json\/wp\/v2\/users\/1"}],"replies":[{"embeddable":true,"href":"https:\/\/www.ak-architekturkultur.com\/fr\/wp-json\/wp\/v2\/comments?post=62"}],"version-history":[{"count":0,"href":"https:\/\/www.ak-architekturkultur.com\/fr\/wp-json\/wp\/v2\/pages\/62\/revisions"}],"wp:attachment":[{"href":"https:\/\/www.ak-architekturkultur.com\/fr\/wp-json\/wp\/v2\/media?parent=62"}],"curies":[{"name":"wp","href":"https:\/\/api.w.org\/{rel}","templated":true}]}}